{"id":26,"date":"2014-03-12T23:13:42","date_gmt":"2014-03-12T22:13:42","guid":{"rendered":"http:\/\/www.amicale-etaples.fr\/?page_id=26"},"modified":"2014-03-13T16:52:07","modified_gmt":"2014-03-13T15:52:07","slug":"offres-remises","status":"publish","type":"page","link":"http:\/\/www.amicale-etaples.fr\/?page_id=26","title":{"rendered":"Offres \/ Remises"},"content":{"rendered":"<h1><span style=\"font-size: large; color: #2449b7;\">Offres aux amicalistes de la ville d\u2019Etaples sur mer<\/span><\/h1>\n<p><b><i>Sur pr\u00e9sentation de la carte de membre amicaliste<\/i><\/b><\/p>\n\n<table id=\"tablepress-1\" class=\"tablepress tablepress-id-1\">\n<thead>\n<tr class=\"row-1\">\n\t<th class=\"column-1\" style=\"width:60px;\">Commer\u00e7ants<\/th><th class=\"column-2\" style=\"width:300px;\">Offres                                                                                         <\/th><th class=\"column-3\" style=\"width:200px;\">Coordonn\u00e9es<\/th>\n<\/tr>\n<\/thead>\n<tbody class=\"row-striping row-hover\">\n<tr class=\"row-2\">\n\t<td class=\"column-1\"><strong>Alain Affelou<\/strong><\/td><td class=\"column-2\">Remise de 20 % sur votre \u00e9quipement principal ( monture et verres ) et remise de 15 % sur les lentilles et produits d'entretien.<\/td><td class=\"column-3\">2 rue du port, ETAPLES<br \/>\r\n03.61.49.50.37<br \/>\r\n<\/td>\n<\/tr>\n<tr class=\"row-3\">\n\t<td class=\"column-1\"><strong>Opticien Krys<\/strong><\/td><td class=\"column-2\">15% de remise sur les montures optiques ainsi qu\u2019un tarif pr\u00e9f\u00e9rentiel sur les verres<br \/>\r\n(En accord avec votre mutuelle)<br \/>\r\n<\/td><td class=\"column-3\">9 place du G\u00e9n\u00e9ral de Gaulle<br \/>\r\n03.21.94.62.52<br \/>\r\n<a href=\"www.krys.com\">www.krys.com<\/a><\/td>\n<\/tr>\n<tr class=\"row-4\">\n\t<td class=\"column-1\"><strong>Littoral Audition<\/strong><\/td><td class=\"column-2\">- D\u00e9pistage gratuit  <br \/>\r\n- Essai d\u2019aide auditive gratuit<br \/>\r\n- 200 \u20ac de remise pour l\u2019acquisition de deux aides auditives<br \/>\r\n<\/td><td class=\"column-3\">6 rue de Rosamel<br \/>\r\n03.21.10.81.94<br \/>\r\n<a href=\"www.littoral-audition.fr\">www.littoral-audition.fr<\/a><\/td>\n<\/tr>\n<tr class=\"row-5\">\n\t<td class=\"column-1\"><strong>Contr\u00f4le Auto Etaplois (Securitest)<strong><\/strong><\/td><td class=\"column-2\">10 \u20ac de remise sur la prestation du Contr\u00f4le Technique Obligatoire<\/td><td class=\"column-3\">Zone Industriel, Boulevard Valigot<br \/>\r\n03.21.09.17.01<\/td>\n<\/tr>\n<tr class=\"row-6\">\n\t<td class=\"column-1\"><strong>Ravalement Moderne (Entreprise l\u2019Herbier)<\/strong><\/td><td class=\"column-2\">4% de remise sur les travaux<\/td><td class=\"column-3\">1 Bis rue Albert Heraud<br \/>\r\n03.21.84.07.89<br \/>\r\n<a href=\"www.etslherbier.com\">www.etslherbier.com<\/a><\/td>\n<\/tr>\n<tr class=\"row-7\">\n\t<td class=\"column-1\"><strong>Pompes Fun\u00e8bres Leleu<\/strong><\/td><td class=\"column-2\">15% de remise sur tous les articles fun\u00e9raires<br \/>\r\nLe salon fun\u00e9raire est offert<br \/>\r\n<\/td><td class=\"column-3\">Boulevard du Valigot, route de Fromessent<br \/>\r\n03.21.84.76.22<br \/>\r\n<a href=\"www.pf-leleu.com\">www.pf-leleu.com<\/a><\/td>\n<\/tr>\n<tr class=\"row-8\">\n\t<td class=\"column-1\"><strong>Gomina Coiffure<\/strong><\/td><td class=\"column-2\">Carte privil\u00e8ge 20% de remise <br \/>\r\n(Carte avantages \u00e0 retirer \u00e0 la Mairie)<br \/>\r\n<\/td><td class=\"column-3\">30 place du G\u00e9n\u00e9ral de Gaulle<br \/>\r\n03.21.84.65.33<\/td>\n<\/tr>\n<tr class=\"row-9\">\n\t<td class=\"column-1\"><strong>Un Autre Regard<\/strong><\/td><td class=\"column-2\">20% de remise sur le magasin, l\u2019achat de montures et de verres optiques.<\/td><td class=\"column-3\">12 place du G\u00e9n\u00e9ral de Gaulle<br \/>\r\n03.21.94.83.39<\/td>\n<\/tr>\n<tr class=\"row-10\">\n\t<td class=\"column-1\"><strong>Les cheveux dans le Vent<\/strong><\/td><td class=\"column-2\">10% de remise sur les prestations <br \/>\r\n(Hors ventes de produits) pour Hommes et Dames<br \/>\r\n<\/td><td class=\"column-3\">16 rue Maurice Rapha\u00ebl<br \/>\r\n03.21.84.13.27<\/td>\n<\/tr>\n<tr class=\"row-11\">\n\t<td class=\"column-1\"><strong>Centre Auto Point S<\/strong><\/td><td class=\"column-2\">5% de remise minimum sur les prestations (r\u00e9parations &amp; montages de pneux)<\/td><td class=\"column-3\">790 Avenue d'Etaples<br \/>\r\n03.21.94.70.88<\/td>\n<\/tr>\n<tr class=\"row-12\">\n\t<td class=\"column-1\"><strong>Tchip Coiffure<\/strong><\/td><td class=\"column-2\">Carte privil\u00e8ge 10% de remise sur tous les forfaits  ou un rituel k\u00e9rastase <br \/>\r\n(\u00c0 retirer \u00e0 l\u2019accueil de la Mairie ou au Service Communication)<br \/>\r\n<\/td><td class=\"column-3\">7 rue de Rosamel<br \/>\r\n03.21.94.69.80<\/td>\n<\/tr>\n<tr class=\"row-13\">\n\t<td class=\"column-1\"><strong>Camion Pizza Hubert<\/strong><\/td><td class=\"column-2\">20% de remise sur chaque commande<\/td><td class=\"column-3\">50 rue Gustave Souquet<br \/>\r\n06.80.70.92.61<\/td>\n<\/tr>\n<tr class=\"row-14\">\n\t<td class=\"column-1\"><strong>Optical Center<\/strong><\/td><td class=\"column-2\">- Contr\u00f4le de votre vue &amp; audition gratuit<br \/>\r\n40% de remise sur les montures et verres optiques<br \/>\r\n+ 2\u00e8me Paire \u00e0 votre vue offerte.<br \/>\r\n40% de remise sur les appareils auditifs <br \/>\r\n+ 1 paire de lunettes offerte.<br \/>\r\n25% sur les lunettes de soleil, lentilles de contact, aides visuelles, piles, produits et accessoires.<br \/>\r\n(Carte avantages \u00e0 retirer \u00e0 la Mairie)<br \/>\r\n<\/td><td class=\"column-3\">Boulogne-sur-Mer<br \/>\r\n03.21.30.05.67<\/td>\n<\/tr>\n<tr class=\"row-15\">\n\t<td class=\"column-1\"><strong>Pompes Fun\u00e8bres Lovergne<\/strong><\/td><td class=\"column-2\">5% de remise H.T sur la vente d\u2019articles fun\u00e9raires<\/td><td class=\"column-3\">7 place du G\u00e9n\u00e9ral de Gaulle<br \/>\r\n03.21.84.98.54<br \/>\r\n<a href=\"www.pflovergne.fr\">www.pflovergne.fr<\/a><\/td>\n<\/tr>\n<tr class=\"row-16\">\n\t<td class=\"column-1\"><strong>Fanny B Coiffure<\/strong><\/td><td class=\"column-2\">10% de remise, pour tous les adh\u00e9rents et leur conjoints, sur toutes les prestations sauf le forfait 4 brushing.<\/td><td class=\"column-3\">24 Rue St Louis<br \/>\r\n03.21.94.70.47<br \/>\r\n<a href=\"Fannyb.sitew.com\">Fannyb.sitew.com<\/a><\/td>\n<\/tr>\n<tr class=\"row-17\">\n\t<td class=\"column-1\"><strong>Lamour Fr\u00e8res SAS<\/strong><\/td><td class=\"column-2\">10% de remise sur tous les articles de stock ou \u00e0 commander (menuiseries, sanitaires, carrelage, feu \u00e0 bois et \u00e0 pellets) sauf pour les produits de fin de s\u00e9rie ainsi que ceux affich\u00e9s avec tarif en promotion.<\/td><td class=\"column-3\">Zone Industrielle, Boulevard du Valigot<br \/>\r\n03.21.94.24.66<br \/>\r\n<a href=\"www.lamour-freres.com\">www.lamour-freres.com<\/a><\/td>\n<\/tr>\n<tr class=\"row-18\">\n\t<td class=\"column-1\"><strong>L\u2019h\u00f4tel des Voyageurs<\/strong><\/td><td class=\"column-2\">10% de remise (Repas journalier, groupes deuils, communions, mariages, anniversaires, soir\u00e9es)<\/td><td class=\"column-3\">11 Place de la gare<br \/>\r\n03.21.94.32.70<\/td>\n<\/tr>\n<tr class=\"row-19\">\n\t<td class=\"column-1\"><strong>Gib\u00e9 Boutique<\/strong><\/td><td class=\"column-2\">5% de remise (Hors promotions, hors articles sold\u00e9s) <\/td><td class=\"column-3\">26 Place du G\u00e9n\u00e9ral de Gaulle<\/td>\n<\/tr>\n<tr class=\"row-20\">\n\t<td class=\"column-1\"><strong>Gib\u00e9 Chaussures <\/strong><\/td><td class=\"column-2\">5% de remise (Hors promotions, hors articles sold\u00e9s)<\/td><td class=\"column-3\">44 Bd de l\u2019imp\u00e9ratrice<\/td>\n<\/tr>\n<tr class=\"row-21\">\n\t<td class=\"column-1\"><strong>Esprit \u2013 N\u00b015<\/strong><\/td><td class=\"column-2\">5% de remise (Hors promotions, hors articles sold\u00e9s)<\/td><td class=\"column-3\">15 rue de Rosamel<\/td>\n<\/tr>\n<tr class=\"row-22\">\n\t<td class=\"column-1\"><strong>Brasserie <br \/>\r\n\u00ab Plan\u00e8te Oc\u00e9an \u00bb<\/strong><\/td><td class=\"column-2\">1 Kir offert pour l\u2019ensemble de la table sur pr\u00e9sentation de la carte amicaliste.<\/td><td class=\"column-3\">Quai de la Canche<br \/>\r\n03 21 09 42 92<\/td>\n<\/tr>\n<tr class=\"row-23\">\n\t<td class=\"column-1\"><strong>Institut Divine<\/strong><\/td><td class=\"column-2\">10% de remise sur la carte de fid\u00e9lit\u00e9 sur soin au lieu de 5% habituel.<\/td><td class=\"column-3\">16 rue de Montreuil<br \/>\r\n03.21.09.77.71<br \/>\r\n<a href=\"www.institut-divine.fr\/maryselamour\">www.institut-divine.fr\/maryselamour<\/a><\/td>\n<\/tr>\n<tr class=\"row-24\">\n\t<td class=\"column-1\"><strong>Optic 2000<\/strong><\/td><td class=\"column-2\">15% de remise pour l\u2019achat d\u2019une monture et de 2 verres pour un montant minimum de 150\u20ac d\u2019achat<\/td><td class=\"column-3\">24 place du G\u00e9n\u00e9ral de Gaulle<br \/>\r\n03.21.09.05.09<\/td>\n<\/tr>\n<tr class=\"row-25\">\n\t<td class=\"column-1\"><strong>K.Boss chocolat<\/strong><\/td><td class=\"column-2\">2\u20ac de remise sur le kilogramme de chocolat (24\u20ac au lieu de 26\u20ac) uniquement sur les ballotins de chocolat en vrac<\/td><td class=\"column-3\">24 rue de Rosamel<br \/>\r\n03.21.09.41.17<\/td>\n<\/tr>\n<tr class=\"row-26\">\n\t<td class=\"column-1\"><strong> Station de lavage Loubleu <br \/>\r\n(\u00e9l\u00e9phant bleu)<br \/>\r\n<\/strong><\/td><td class=\"column-2\">10 jetons achet\u00e9s 20% offerts soit 2 jetons<br \/>\r\nPour 40\u20ac de lavage, une cl\u00e9 de lavage est offerte.<br \/>\r\nPour 20 \u20ac de rechargement de cl\u00e9, 20% de gratuit\u00e9 soit 4\u20ac de lavage en plus.<br \/>\r\n<\/td><td class=\"column-3\">69 Avenue Princesse Louise<br \/>\r\nNeufChatel - Hardelot<br \/>\r\n03.21.87.51.63<br \/>\r\n<\/td>\n<\/tr>\n<tr class=\"row-27\">\n\t<td class=\"column-1\"><strong>Autosur<\/strong><\/td><td class=\"column-2\">Remise de 15% sur votre contr\u00f4le technique sur pr\u00e9sentation de votre carte de l'amicale<\/td><td class=\"column-3\">Autosur Attin<br \/>\r\n13 route nationale 39<br \/>\r\n62170 ATTIN<br \/>\r\n03.21.86.33.85<br \/>\r\n<br \/>\r\nAutosur Berck\/mer<br \/>\r\n114 rue de l'imp\u00e9ratrice<br \/>\r\n62600 Berck<br \/>\r\n03.21.09.00.98<\/td>\n<\/tr>\n<tr class=\"row-28\">\n\t<td class=\"column-1\"><strong>La Halle<\/strong><\/td><td class=\"column-2\">Remise de 10% sur les plateaux et sur tout le magasin<\/td><td class=\"column-3\">Boulevard de l'imp\u00e9ratrice 62630 Etaples<br \/>\r\nTel : 03.21.94.63.71<\/td>\n<\/tr>\n<tr class=\"row-29\">\n\t<td class=\"column-1\"><strong>Au Bon Style (Magasin de V\u00eatements)<\/strong><\/td><td class=\"column-2\">Remise de 10% sur tout le stock non remis\u00e9<\/td><td class=\"column-3\">4 Rue de Camiers<br \/>\r\nTel : 06.25.54.30.81<\/td>\n<\/tr>\n<tr class=\"row-30\">\n\t<td class=\"column-1\"><strong>Les massages de No\u00e9mie<\/strong><\/td><td class=\"column-2\">Remise de 12 \u00e0 20 %<\/td><td class=\"column-3\">Tel : 06 21 84 62 23<\/td>\n<\/tr>\n<tr class=\"row-31\">\n\t<td class=\"column-1\"><\/td><td class=\"column-2\"><\/td><td class=\"column-3\"><\/td>\n<\/tr>\n<tr class=\"row-32\">\n\t<td class=\"column-1\"><\/td><td class=\"column-2\"><\/td><td class=\"column-3\"><\/td>\n<\/tr>\n<tr class=\"row-33\">\n\t<td class=\"column-1\"><\/td><td class=\"column-2\"><\/td><td class=\"column-3\"><\/td>\n<\/tr>\n<\/tbody>\n<\/table>\n<!-- #tablepress-1 from cache -->\n","protected":false},"excerpt":{"rendered":"<p>Offres aux amicalistes de la ville d\u2019Etaples sur mer Sur pr\u00e9sentation de la carte de membre amicaliste<\/p>\n","protected":false},"author":3,"featured_media":0,"parent":0,"menu_order":0,"comment_status":"closed","ping_status":"closed","template":"","meta":{"footnotes":""},"class_list":["post-26","page","type-page","status-publish","hentry"],"_links":{"self":[{"href":"http:\/\/www.amicale-etaples.fr\/index.php?rest_route=\/wp\/v2\/pages\/26","targetHints":{"allow":["GET"]}}],"collection":[{"href":"http:\/\/www.amicale-etaples.fr\/index.php?rest_route=\/wp\/v2\/pages"}],"about":[{"href":"http:\/\/www.amicale-etaples.fr\/index.php?rest_route=\/wp\/v2\/types\/page"}],"author":[{"embeddable":true,"href":"http:\/\/www.amicale-etaples.fr\/index.php?rest_route=\/wp\/v2\/users\/3"}],"replies":[{"embeddable":true,"href":"http:\/\/www.amicale-etaples.fr\/index.php?rest_route=%2Fwp%2Fv2%2Fcomments&post=26"}],"version-history":[{"count":7,"href":"http:\/\/www.amicale-etaples.fr\/index.php?rest_route=\/wp\/v2\/pages\/26\/revisions"}],"predecessor-version":[{"id":257,"href":"http:\/\/www.amicale-etaples.fr\/index.php?rest_route=\/wp\/v2\/pages\/26\/revisions\/257"}],"wp:attachment":[{"href":"http:\/\/www.amicale-etaples.fr\/index.php?rest_route=%2Fwp%2Fv2%2Fmedia&parent=26"}],"curies":[{"name":"wp","href":"https:\/\/api.w.org\/{rel}","templated":true}]}}