{"id":41,"date":"2014-03-13T00:14:56","date_gmt":"2014-03-12T23:14:56","guid":{"rendered":"http:\/\/www.amicale-etaples.fr\/?page_id=41"},"modified":"2014-03-13T12:16:52","modified_gmt":"2014-03-13T11:16:52","slug":"adherer-a-lamicale","status":"publish","type":"page","link":"http:\/\/www.amicale-etaples.fr\/?page_id=41","title":{"rendered":"Les statuts"},"content":{"rendered":"<h1 style=\"text-align: left;\" align=\"center\"><em><a href=\"http:\/\/www.amicale-etaples.fr\/wp-content\/uploads\/2014\/03\/file_download.png\"><img loading=\"lazy\" decoding=\"async\" class=\"size-full wp-image-130 alignleft\" alt=\"file_download\" src=\"http:\/\/www.amicale-etaples.fr\/wp-content\/uploads\/2014\/03\/file_download.png\" width=\"128\" height=\"128\" srcset=\"http:\/\/www.amicale-etaples.fr\/wp-content\/uploads\/2014\/03\/file_download.png 128w, http:\/\/www.amicale-etaples.fr\/wp-content\/uploads\/2014\/03\/file_download-48x48.png 48w\" sizes=\"auto, (max-width: 128px) 100vw, 128px\" \/><\/a>En vigueur \u00e0 compter du 17 Octobre 2013\u00a0<\/em><\/h1>\n<h3><b>Article 1<sup>er \u2013 <\/sup><i>L\u2019association<\/i><\/b><\/h3>\n<p>Il est fond\u00e9 entre les adh\u00e9rents aux pr\u00e9sents statuts une association r\u00e9gie par la loi du 1<sup>er<\/sup> juillet 1901 et le d\u00e9cret du 16 ao\u00fbt 1901, ayant pour titre :<b> \u201cAmicale de la ville d&rsquo;Etaples sur mer \u201d.<\/b><\/p>\n<h3><b>Article 2 \u2013 <i>Objet<\/i><\/b><\/h3>\n<p>Cette association a pour objet de resserrer les liens d&rsquo;amiti\u00e9 et de camaraderie entre les membres du personnel, d&rsquo;organiser des \u00e9v\u00e9nements ou manifestations au profit de ses adh\u00e9rents et de leurs familles et d&rsquo;effectuer des activit\u00e9s de vente de biens ou de prestations de services effectu\u00e9es de mani\u00e8re habituelle \u00e0 titre on\u00e9reux .<\/p>\n<h3><b>Article 3 \u2013 <i>Si\u00e8ge social<\/i><\/b><\/h3>\n<p>Le si\u00e8ge social est fix\u00e9 \u00e0 l&rsquo;h\u00f4tel de ville d&rsquo;Etaples, place du g\u00e9n\u00e9ral de Gaulle 62630 Etaples-sur-mer.<br \/>\nIl pourra \u00eatre transf\u00e9r\u00e9 par simple d\u00e9cision du Conseil d\u2019Administration ; la ratification par l\u2019Assembl\u00e9e G\u00e9n\u00e9rale sera n\u00e9cessaire. [..]<\/p>\n<p><strong>&gt;&gt; <a href=\"http:\/\/www.amicale-etaples.fr\/wp-content\/uploads\/2014\/03\/statuts-de-lassociation-amicale-2013.pdf\" target=\"_blank\">Ensemble des<\/a> <a href=\"http:\/\/www.amicale-etaples.fr\/wp-content\/uploads\/2014\/03\/statuts-de-lassociation-amicale-2013.pdf\">statuts de l&rsquo;association amicale 2013<\/a>\u00a0( Format PDF )<\/strong><\/p>\n","protected":false},"excerpt":{"rendered":"<p>En vigueur \u00e0 compter du 17 Octobre 2013\u00a0 Article 1er \u2013 L\u2019association Il est fond\u00e9 entre les adh\u00e9rents aux pr\u00e9sents statuts une association r\u00e9gie par la loi du 1er juillet 1901 et le d\u00e9cret du 16 ao\u00fbt 1901, ayant pour titre : \u201cAmicale de la ville d&rsquo;Etaples sur mer \u201d. Article 2 \u2013 Objet Cette [&hellip;]<\/p>\n","protected":false},"author":3,"featured_media":0,"parent":0,"menu_order":0,"comment_status":"closed","ping_status":"closed","template":"","meta":{"footnotes":""},"class_list":["post-41","page","type-page","status-publish","hentry"],"_links":{"self":[{"href":"http:\/\/www.amicale-etaples.fr\/index.php?rest_route=\/wp\/v2\/pages\/41","targetHints":{"allow":["GET"]}}],"collection":[{"href":"http:\/\/www.amicale-etaples.fr\/index.php?rest_route=\/wp\/v2\/pages"}],"about":[{"href":"http:\/\/www.amicale-etaples.fr\/index.php?rest_route=\/wp\/v2\/types\/page"}],"author":[{"embeddable":true,"href":"http:\/\/www.amicale-etaples.fr\/index.php?rest_route=\/wp\/v2\/users\/3"}],"replies":[{"embeddable":true,"href":"http:\/\/www.amicale-etaples.fr\/index.php?rest_route=%2Fwp%2Fv2%2Fcomments&post=41"}],"version-history":[{"count":7,"href":"http:\/\/www.amicale-etaples.fr\/index.php?rest_route=\/wp\/v2\/pages\/41\/revisions"}],"predecessor-version":[{"id":233,"href":"http:\/\/www.amicale-etaples.fr\/index.php?rest_route=\/wp\/v2\/pages\/41\/revisions\/233"}],"wp:attachment":[{"href":"http:\/\/www.amicale-etaples.fr\/index.php?rest_route=%2Fwp%2Fv2%2Fmedia&parent=41"}],"curies":[{"name":"wp","href":"https:\/\/api.w.org\/{rel}","templated":true}]}}