{"id":2,"date":"2014-03-12T13:05:33","date_gmt":"2014-03-12T13:05:33","guid":{"rendered":"http:\/\/amicale-etaples.fr\/?page_id=2"},"modified":"2023-06-06T08:06:21","modified_gmt":"2023-06-06T07:06:21","slug":"page-d-exemple","status":"publish","type":"page","link":"https:\/\/www.amicale-etaples.fr\/?page_id=2","title":{"rendered":"Contact"},"content":{"rendered":"<p>&nbsp;<\/p>\n<table class=\"size-full\" style=\"border: 0px solid #ffffff;\" border=\"0\" frame=\"void\" rules=\"none\" cellspacing=\"0\" cellpadding=\"0\">\n<tbody>\n<tr class=\"alignleft\" align=\"left\" valign=\"top\">\n<td>remplir les champs obligatoires * pour compl\u00e9ter correctement le formulaire.<\/p>\n<p><style id=\"wpforms-css-vars-2582\">\n\t\t\t\t#wpforms-2582 {\n\t\t\t\t\n\t\t\t}\n\t\t\t<\/style><div class=\"wpforms-container wpforms-container-full wpforms-render-modern\" id=\"wpforms-2582\"><form id=\"wpforms-form-2582\" class=\"wpforms-validate wpforms-form wpforms-ajax-form\" data-formid=\"2582\" method=\"post\" enctype=\"multipart\/form-data\" action=\"\/index.php?rest_route=%2Fwp%2Fv2%2Fpages%2F2\" data-token=\"97c7c777376590930963330a7b49bc19\" data-token-time=\"1776251205\"><noscript class=\"wpforms-error-noscript\">Veuillez activer JavaScript dans votre navigateur pour remplir ce formulaire.<\/noscript><div id=\"wpforms-error-noscript\" style=\"display: none;\">Veuillez activer JavaScript dans votre navigateur pour remplir ce formulaire.<\/div><div class=\"wpforms-field-container\"><div id=\"wpforms-2582-field_5-container\" class=\"wpforms-field wpforms-field-name\" data-field-id=\"5\"><fieldset><legend class=\"wpforms-field-label\">Nom <span class=\"wpforms-required-label\" aria-hidden=\"true\">*<\/span><\/legend><div class=\"wpforms-field-row wpforms-field-medium\"><div class=\"wpforms-field-row-block wpforms-first wpforms-one-half\"><input type=\"text\" id=\"wpforms-2582-field_5\" class=\"wpforms-field-name-first wpforms-field-required\" name=\"wpforms[fields][5][first]\" aria-errormessage=\"wpforms-2582-field_5-error\" required><label for=\"wpforms-2582-field_5\" class=\"wpforms-field-sublabel after\">Pr\u00e9nom<\/label><\/div><div class=\"wpforms-field-row-block wpforms-one-half\"><input type=\"text\" id=\"wpforms-2582-field_5-last\" class=\"wpforms-field-name-last wpforms-field-required\" name=\"wpforms[fields][5][last]\" aria-errormessage=\"wpforms-2582-field_5-last-error\" required><label for=\"wpforms-2582-field_5-last\" class=\"wpforms-field-sublabel after\">Nom<\/label><\/div><\/div><\/fieldset><\/div><div id=\"wpforms-2582-field_6-container\" class=\"wpforms-field wpforms-field-email\" data-field-id=\"6\"><label class=\"wpforms-field-label\" for=\"wpforms-2582-field_6\">E-mail <span class=\"wpforms-required-label\" aria-hidden=\"true\">*<\/span><\/label><input type=\"email\" id=\"wpforms-2582-field_6\" class=\"wpforms-field-medium wpforms-field-required\" name=\"wpforms[fields][6]\" spellcheck=\"false\" aria-errormessage=\"wpforms-2582-field_6-error\" required><\/div><div id=\"wpforms-2582-field_7-container\" class=\"wpforms-field wpforms-field-text\" data-field-id=\"7\"><label class=\"wpforms-field-label\" for=\"wpforms-2582-field_7\">Sujet<\/label><input type=\"text\" id=\"wpforms-2582-field_7\" class=\"wpforms-field-medium\" name=\"wpforms[fields][7]\" aria-errormessage=\"wpforms-2582-field_7-error\" ><\/div><div id=\"wpforms-2582-field_8-container\" class=\"wpforms-field wpforms-field-text\" data-field-id=\"8\"><label class=\"wpforms-field-label\" for=\"wpforms-2582-field_8\">Message<\/label><input type=\"text\" id=\"wpforms-2582-field_8\" class=\"wpforms-field-medium\" name=\"wpforms[fields][8]\" aria-errormessage=\"wpforms-2582-field_8-error\" ><\/div><\/div><!-- .wpforms-field-container --><div class=\"wpforms-recaptcha-container wpforms-is-hcaptcha\" ><div class=\"h-captcha\" data-sitekey=\"08e7a6b3-dc90-4587-a7e4-075dc1674f22\"><\/div><input type=\"text\" name=\"g-recaptcha-hidden\" class=\"wpforms-recaptcha-hidden\" style=\"position:absolute!important;clip:rect(0,0,0,0)!important;height:1px!important;width:1px!important;border:0!important;overflow:hidden!important;padding:0!important;margin:0!important;\" data-rule-hcaptcha=\"1\"><\/div><div class=\"wpforms-submit-container\" ><input type=\"hidden\" name=\"wpforms[id]\" value=\"2582\"><input type=\"hidden\" name=\"page_title\" value=\"\"><input type=\"hidden\" name=\"page_url\" value=\"https:\/\/www.amicale-etaples.fr\/index.php?rest_route=\/wp\/v2\/pages\/2\"><input type=\"hidden\" name=\"url_referer\" value=\"\"><button type=\"submit\" name=\"wpforms[submit]\" id=\"wpforms-submit-2582\" class=\"wpforms-submit\" data-alt-text=\"Envoi...\" data-submit-text=\"Envoyer\" aria-live=\"assertive\" value=\"wpforms-submit\">Envoyer<\/button><img loading=\"lazy\" decoding=\"async\" src=\"https:\/\/www.amicale-etaples.fr\/wp-content\/plugins\/wpforms-lite\/assets\/images\/submit-spin.svg\" class=\"wpforms-submit-spinner\" style=\"display: none;\" width=\"26\" height=\"26\" alt=\"Chargement en cours\"><\/div><\/form><\/div>  <!-- .wpforms-container --><\/td>\n<td style=\"width: 50px;\"><\/td>\n<td><strong><strong><strong>Amicale de la ville d&rsquo;Etaples sur mer :<\/strong><\/strong><\/strong><\/p>\n<p>H\u00f4tel de ville<br \/>\nPlace du g\u00e9n\u00e9ral<br \/>\nde Gaulle<br \/>\n62630 Etaples sur mer<\/p>\n<p>Contacts :<br \/>\n<em>03.21.89.62.38<\/em><br \/>\n<em> ou 03.21.89.62.50<br \/>\n<\/em>Accueil :<br \/>\n<em>03.21.89.62.62<\/em><\/td>\n<\/tr>\n<\/tbody>\n<\/table>\n<p><code id=\"cntctfrmpr_shortcode_code\">\u00a0<\/code><\/p>\n<p>&nbsp;<\/p>\n","protected":false},"excerpt":{"rendered":"<p>&nbsp; remplir les champs obligatoires * pour compl\u00e9ter correctement le formulaire. Amicale de la ville d&rsquo;Etaples sur mer : H\u00f4tel de ville Place du g\u00e9n\u00e9ral de Gaulle 62630 Etaples sur mer Contacts : 03.21.89.62.38 ou 03.21.89.62.50 Accueil : 03.21.89.62.62 \u00a0 &nbsp;<\/p>\n","protected":false},"author":3,"featured_media":0,"parent":0,"menu_order":0,"comment_status":"closed","ping_status":"closed","template":"","meta":{"footnotes":""},"class_list":["post-2","page","type-page","status-publish","hentry"],"_links":{"self":[{"href":"https:\/\/www.amicale-etaples.fr\/index.php?rest_route=\/wp\/v2\/pages\/2","targetHints":{"allow":["GET"]}}],"collection":[{"href":"https:\/\/www.amicale-etaples.fr\/index.php?rest_route=\/wp\/v2\/pages"}],"about":[{"href":"https:\/\/www.amicale-etaples.fr\/index.php?rest_route=\/wp\/v2\/types\/page"}],"author":[{"embeddable":true,"href":"https:\/\/www.amicale-etaples.fr\/index.php?rest_route=\/wp\/v2\/users\/3"}],"replies":[{"embeddable":true,"href":"https:\/\/www.amicale-etaples.fr\/index.php?rest_route=%2Fwp%2Fv2%2Fcomments&post=2"}],"version-history":[{"count":22,"href":"https:\/\/www.amicale-etaples.fr\/index.php?rest_route=\/wp\/v2\/pages\/2\/revisions"}],"predecessor-version":[{"id":2586,"href":"https:\/\/www.amicale-etaples.fr\/index.php?rest_route=\/wp\/v2\/pages\/2\/revisions\/2586"}],"wp:attachment":[{"href":"https:\/\/www.amicale-etaples.fr\/index.php?rest_route=%2Fwp%2Fv2%2Fmedia&parent=2"}],"curies":[{"name":"wp","href":"https:\/\/api.w.org\/{rel}","templated":true}]}}