{"id":44,"date":"2014-03-13T00:16:18","date_gmt":"2014-03-12T23:16:18","guid":{"rendered":"http:\/\/www.amicale-etaples.fr\/?page_id=44"},"modified":"2018-03-22T23:49:18","modified_gmt":"2018-03-22T22:49:18","slug":"le-conseil-dadministration","status":"publish","type":"page","link":"https:\/\/www.amicale-etaples.fr\/?page_id=44","title":{"rendered":"Le conseil d&rsquo;administration"},"content":{"rendered":"<h2><span style=\"color: #000080;\"><a href=\"http:\/\/www.amicale-etaples.fr\/wp-content\/uploads\/2014\/03\/users-1.png\"><img loading=\"lazy\" decoding=\"async\" class=\"size-full wp-image-219 alignleft\" src=\"http:\/\/www.amicale-etaples.fr\/wp-content\/uploads\/2014\/03\/users-1.png\" alt=\"users 1\" width=\"128\" height=\"128\" srcset=\"https:\/\/www.amicale-etaples.fr\/wp-content\/uploads\/2014\/03\/users-1.png 128w, https:\/\/www.amicale-etaples.fr\/wp-content\/uploads\/2014\/03\/users-1-48x48.png 48w\" sizes=\"auto, (max-width: 128px) 100vw, 128px\" \/><\/a>Les membres du bureau :<\/span><\/h2>\n<p><strong>&gt;\u00a0M. St\u00e9phane Maillart <\/strong>\u00a0en qualit\u00e9 de Pr\u00e9sident<\/p>\n<p><strong>&gt; M. Maxime Lisik<\/strong> en qualit\u00e9 de 1er Vice Pr\u00e9sident<\/p>\n<p><strong>&gt; M. Julien Lamour<\/strong> en qualit\u00e9 de 2\u00e8me Vice Pr\u00e9sident<\/p>\n<p><strong>&gt; Mme Magalie Amonier<\/strong> en qualit\u00e9 de Tr\u00e9sori\u00e8re<\/p>\n<p><strong>&gt; M. Jean Paul Harl\u00e9<\/strong> en qualit\u00e9 de Tr\u00e9sorier Adjoint<\/p>\n<p><strong>&gt; Mme Sylvie Perrault<\/strong>\u00a0en qualit\u00e9 de Secr\u00e9taire<\/p>\n<p><strong>&gt; Mme Amandine Th\u00e9rin<\/strong>\u00a0en qualit\u00e9 de Secr\u00e9taire adjoint<\/p>\n<h2><span style=\"color: #000080;\">Les membres du Conseil d&rsquo;administration :<\/span><\/h2>\n<p align=\"LEFT\">St\u00e9phane Maillart, Magalie Amonier, Jean-Paul Harl\u00e9, Maxime Hivart, Amandine Th\u00e9rin, Julien Lamour, Peggy Maillart, Marc Meurot, Romain Pruvost, Maxime Lisik, Ludovic Fournier, Patrick Fourny, Sylvie Perrault, sabine Caloin, V\u00e9ronique Fournier, Dominique Gosselin, Florian Lepr\u00eatre<\/p>\n<p><em>Le conseil d&rsquo;administration se r\u00e9unit une fois par mois ( 1er ou 2\u00e8me mardi du mois \u00e0 16h ) durant une s\u00e9ance de 1h30 maximum pour d\u00e9battre des diff\u00e9rents projets de l&rsquo;amicale.<\/em><\/p>\n","protected":false},"excerpt":{"rendered":"<p>Les membres du bureau : &gt;\u00a0M. St\u00e9phane Maillart \u00a0en qualit\u00e9 de Pr\u00e9sident &gt; M. Maxime Lisik en qualit\u00e9 de 1er Vice Pr\u00e9sident &gt; M. Julien Lamour en qualit\u00e9 de 2\u00e8me Vice Pr\u00e9sident &gt; Mme Magalie Amonier en qualit\u00e9 de Tr\u00e9sori\u00e8re &gt; M. Jean Paul Harl\u00e9 en qualit\u00e9 de Tr\u00e9sorier Adjoint &gt; Mme Sylvie Perrault\u00a0en qualit\u00e9 [&hellip;]<\/p>\n","protected":false},"author":3,"featured_media":0,"parent":0,"menu_order":0,"comment_status":"closed","ping_status":"closed","template":"","meta":{"footnotes":""},"class_list":["post-44","page","type-page","status-publish","hentry"],"_links":{"self":[{"href":"https:\/\/www.amicale-etaples.fr\/index.php?rest_route=\/wp\/v2\/pages\/44","targetHints":{"allow":["GET"]}}],"collection":[{"href":"https:\/\/www.amicale-etaples.fr\/index.php?rest_route=\/wp\/v2\/pages"}],"about":[{"href":"https:\/\/www.amicale-etaples.fr\/index.php?rest_route=\/wp\/v2\/types\/page"}],"author":[{"embeddable":true,"href":"https:\/\/www.amicale-etaples.fr\/index.php?rest_route=\/wp\/v2\/users\/3"}],"replies":[{"embeddable":true,"href":"https:\/\/www.amicale-etaples.fr\/index.php?rest_route=%2Fwp%2Fv2%2Fcomments&post=44"}],"version-history":[{"count":10,"href":"https:\/\/www.amicale-etaples.fr\/index.php?rest_route=\/wp\/v2\/pages\/44\/revisions"}],"predecessor-version":[{"id":1843,"href":"https:\/\/www.amicale-etaples.fr\/index.php?rest_route=\/wp\/v2\/pages\/44\/revisions\/1843"}],"wp:attachment":[{"href":"https:\/\/www.amicale-etaples.fr\/index.php?rest_route=%2Fwp%2Fv2%2Fmedia&parent=44"}],"curies":[{"name":"wp","href":"https:\/\/api.w.org\/{rel}","templated":true}]}}